{"id":42,"date":"2023-11-21T09:28:49","date_gmt":"2023-11-21T08:28:49","guid":{"rendered":"https:\/\/centre-du-parc-de-st-cloud.org\/vda\/?page_id=42"},"modified":"2023-11-29T11:48:39","modified_gmt":"2023-11-29T10:48:39","slug":"lequipe","status":"publish","type":"page","link":"https:\/\/centre-du-parc-de-st-cloud.org\/vda\/lequipe\/","title":{"rendered":"L&rsquo;\u00e9quipe"},"content":{"rendered":"\n<h2 class=\"wp-block-heading\">\u00c9QUIPE<\/h2>\n\n\n\n<p>M\u00e9decin<\/p>\n\n\n\n<p>Psychologues<\/p>\n\n\n\n<p>Infirmi\u00e8re<\/p>\n\n\n\n<p>Enseignante<\/p>\n\n\n\n<p>Artistes et intervenants ext\u00e9rieurs<\/p>\n","protected":false},"excerpt":{"rendered":"<p>\u00c9QUIPE M\u00e9decin Psychologues Infirmi\u00e8re Enseignante Artistes et intervenants ext\u00e9rieurs<\/p>\n","protected":false},"author":1,"featured_media":0,"parent":0,"menu_order":0,"comment_status":"closed","ping_status":"closed","template":"","meta":{"footnotes":""},"class_list":["post-42","page","type-page","status-publish","hentry"],"yoast_head":"<!-- This site is optimized with the Yoast SEO plugin v27.0 - https:\/\/yoast.com\/product\/yoast-seo-wordpress\/ -->\n<title>L&#039;\u00e9quipe - La Vie d&#039;Apr\u00e8s<\/title>\n<meta name=\"robots\" content=\"index, follow, max-snippet:-1, max-image-preview:large, max-video-preview:-1\" \/>\n<link rel=\"canonical\" href=\"https:\/\/centre-du-parc-de-st-cloud.org\/vda\/lequipe\/\" \/>\n<meta property=\"og:locale\" content=\"fr_FR\" \/>\n<meta property=\"og:type\" content=\"article\" \/>\n<meta property=\"og:title\" content=\"L&#039;\u00e9quipe - La Vie d&#039;Apr\u00e8s\" \/>\n<meta property=\"og:description\" content=\"\u00c9QUIPE M\u00e9decin Psychologues Infirmi\u00e8re Enseignante Artistes et intervenants ext\u00e9rieurs\" \/>\n<meta property=\"og:url\" content=\"https:\/\/centre-du-parc-de-st-cloud.org\/vda\/lequipe\/\" \/>\n<meta property=\"og:site_name\" content=\"La Vie d&#039;Apr\u00e8s\" \/>\n<meta property=\"article:modified_time\" content=\"2023-11-29T10:48:39+00:00\" \/>\n<meta name=\"twitter:card\" content=\"summary_large_image\" \/>\n<script type=\"application\/ld+json\" class=\"yoast-schema-graph\">{\"@context\":\"https:\/\/schema.org\",\"@graph\":[{\"@type\":\"WebPage\",\"@id\":\"https:\/\/centre-du-parc-de-st-cloud.org\/vda\/lequipe\/\",\"url\":\"https:\/\/centre-du-parc-de-st-cloud.org\/vda\/lequipe\/\",\"name\":\"L'\u00e9quipe - La Vie d&#039;Apr\u00e8s\",\"isPartOf\":{\"@id\":\"https:\/\/centre-du-parc-de-st-cloud.org\/vda\/#website\"},\"datePublished\":\"2023-11-21T08:28:49+00:00\",\"dateModified\":\"2023-11-29T10:48:39+00:00\",\"breadcrumb\":{\"@id\":\"https:\/\/centre-du-parc-de-st-cloud.org\/vda\/lequipe\/#breadcrumb\"},\"inLanguage\":\"fr-FR\",\"potentialAction\":[{\"@type\":\"ReadAction\",\"target\":[\"https:\/\/centre-du-parc-de-st-cloud.org\/vda\/lequipe\/\"]}]},{\"@type\":\"BreadcrumbList\",\"@id\":\"https:\/\/centre-du-parc-de-st-cloud.org\/vda\/lequipe\/#breadcrumb\",\"itemListElement\":[{\"@type\":\"ListItem\",\"position\":1,\"name\":\"Accueil\",\"item\":\"https:\/\/centre-du-parc-de-st-cloud.org\/vda\/\"},{\"@type\":\"ListItem\",\"position\":2,\"name\":\"L&rsquo;\u00e9quipe\"}]},{\"@type\":\"WebSite\",\"@id\":\"https:\/\/centre-du-parc-de-st-cloud.org\/vda\/#website\",\"url\":\"https:\/\/centre-du-parc-de-st-cloud.org\/vda\/\",\"name\":\"La Vie d'Apr\u00e8s\",\"description\":\"\",\"potentialAction\":[{\"@type\":\"SearchAction\",\"target\":{\"@type\":\"EntryPoint\",\"urlTemplate\":\"https:\/\/centre-du-parc-de-st-cloud.org\/vda\/?s={search_term_string}\"},\"query-input\":{\"@type\":\"PropertyValueSpecification\",\"valueRequired\":true,\"valueName\":\"search_term_string\"}}],\"inLanguage\":\"fr-FR\"}]}<\/script>\n<!-- \/ Yoast SEO plugin. -->","yoast_head_json":{"title":"L'\u00e9quipe - La Vie d&#039;Apr\u00e8s","robots":{"index":"index","follow":"follow","max-snippet":"max-snippet:-1","max-image-preview":"max-image-preview:large","max-video-preview":"max-video-preview:-1"},"canonical":"https:\/\/centre-du-parc-de-st-cloud.org\/vda\/lequipe\/","og_locale":"fr_FR","og_type":"article","og_title":"L'\u00e9quipe - La Vie d&#039;Apr\u00e8s","og_description":"\u00c9QUIPE M\u00e9decin Psychologues Infirmi\u00e8re Enseignante Artistes et intervenants ext\u00e9rieurs","og_url":"https:\/\/centre-du-parc-de-st-cloud.org\/vda\/lequipe\/","og_site_name":"La Vie d&#039;Apr\u00e8s","article_modified_time":"2023-11-29T10:48:39+00:00","twitter_card":"summary_large_image","schema":{"@context":"https:\/\/schema.org","@graph":[{"@type":"WebPage","@id":"https:\/\/centre-du-parc-de-st-cloud.org\/vda\/lequipe\/","url":"https:\/\/centre-du-parc-de-st-cloud.org\/vda\/lequipe\/","name":"L'\u00e9quipe - La Vie d&#039;Apr\u00e8s","isPartOf":{"@id":"https:\/\/centre-du-parc-de-st-cloud.org\/vda\/#website"},"datePublished":"2023-11-21T08:28:49+00:00","dateModified":"2023-11-29T10:48:39+00:00","breadcrumb":{"@id":"https:\/\/centre-du-parc-de-st-cloud.org\/vda\/lequipe\/#breadcrumb"},"inLanguage":"fr-FR","potentialAction":[{"@type":"ReadAction","target":["https:\/\/centre-du-parc-de-st-cloud.org\/vda\/lequipe\/"]}]},{"@type":"BreadcrumbList","@id":"https:\/\/centre-du-parc-de-st-cloud.org\/vda\/lequipe\/#breadcrumb","itemListElement":[{"@type":"ListItem","position":1,"name":"Accueil","item":"https:\/\/centre-du-parc-de-st-cloud.org\/vda\/"},{"@type":"ListItem","position":2,"name":"L&rsquo;\u00e9quipe"}]},{"@type":"WebSite","@id":"https:\/\/centre-du-parc-de-st-cloud.org\/vda\/#website","url":"https:\/\/centre-du-parc-de-st-cloud.org\/vda\/","name":"La Vie d'Apr\u00e8s","description":"","potentialAction":[{"@type":"SearchAction","target":{"@type":"EntryPoint","urlTemplate":"https:\/\/centre-du-parc-de-st-cloud.org\/vda\/?s={search_term_string}"},"query-input":{"@type":"PropertyValueSpecification","valueRequired":true,"valueName":"search_term_string"}}],"inLanguage":"fr-FR"}]}},"_links":{"self":[{"href":"https:\/\/centre-du-parc-de-st-cloud.org\/vda\/wp-json\/wp\/v2\/pages\/42","targetHints":{"allow":["GET"]}}],"collection":[{"href":"https:\/\/centre-du-parc-de-st-cloud.org\/vda\/wp-json\/wp\/v2\/pages"}],"about":[{"href":"https:\/\/centre-du-parc-de-st-cloud.org\/vda\/wp-json\/wp\/v2\/types\/page"}],"author":[{"embeddable":true,"href":"https:\/\/centre-du-parc-de-st-cloud.org\/vda\/wp-json\/wp\/v2\/users\/1"}],"replies":[{"embeddable":true,"href":"https:\/\/centre-du-parc-de-st-cloud.org\/vda\/wp-json\/wp\/v2\/comments?post=42"}],"version-history":[{"count":2,"href":"https:\/\/centre-du-parc-de-st-cloud.org\/vda\/wp-json\/wp\/v2\/pages\/42\/revisions"}],"predecessor-version":[{"id":51,"href":"https:\/\/centre-du-parc-de-st-cloud.org\/vda\/wp-json\/wp\/v2\/pages\/42\/revisions\/51"}],"wp:attachment":[{"href":"https:\/\/centre-du-parc-de-st-cloud.org\/vda\/wp-json\/wp\/v2\/media?parent=42"}],"curies":[{"name":"wp","href":"https:\/\/api.w.org\/{rel}","templated":true}]}}